{"id":3268,"date":"2023-12-09T05:47:19","date_gmt":"2023-12-09T05:47:19","guid":{"rendered":"https:\/\/ssmtech.net\/?post_type=product&#038;p=3268"},"modified":"2023-12-09T10:08:48","modified_gmt":"2023-12-09T10:08:48","slug":"hikvision-ds-2cd1t43g0-i-4mp-basic-ir-bullet-ip-camera","status":"publish","type":"product","link":"https:\/\/ssmtech.net\/?product=hikvision-ds-2cd1t43g0-i-4mp-basic-ir-bullet-ip-camera","title":{"rendered":"Hikvision DS-2CD1T43G0-I 4MP Basic IR Bullet IP Camera"},"content":{"rendered":"<section id=\"specification\" class=\"specification-tab m-tb-10\">\n<div class=\"section-head\">\n<h2>Specification<\/h2>\n<\/div>\n<table class=\"data-table flex-table\" cellspacing=\"0\" cellpadding=\"0\">\n<colgroup>\n<col class=\"name\" \/>\n<col class=\"value\" \/><\/colgroup>\n<thead>\n<tr>\n<td class=\"heading-row\" colspan=\"3\">General<\/td>\n<\/tr>\n<\/thead>\n<tbody>\n<tr>\n<td class=\"name\">Pan\/Tilt\/Rotation<\/td>\n<td class=\"value\">Pan: 0\u00b0 to 360\u00b0, tilt: 0\u00b0 to 180\u00b0, rotate 0\u00b0 to 360\u00b0<\/td>\n<\/tr>\n<tr>\n<td class=\"name\">Operating Conditions<\/td>\n<td class=\"value\">-30 \u00b0C to 60 \u00b0C (-22 \u00b0F to 140 \u00b0F). Humidity 95% or less (non-condensing)<\/td>\n<\/tr>\n<tr>\n<td class=\"name\">Storage Conditions<\/td>\n<td class=\"value\">-30 \u00b0C to 60 \u00b0C (-22 \u00b0F to 140 \u00b0F). Humidity 95% or less (non-condensing)<\/td>\n<\/tr>\n<tr>\n<td class=\"name\">Power Supply<\/td>\n<td class=\"value\">12 VDC \u00b1 25%, PoE: 802.3af, Type 1 Class 3, reverse polarity protection<\/td>\n<\/tr>\n<tr>\n<td class=\"name\">Power Consumption<\/td>\n<td class=\"value\">12 VDC, 0.50 A, max. 6W<br \/>\nPoE (802.3af, 36 V to 57 V), 0.20 A to 0.10 A, max. 7 W<\/td>\n<\/tr>\n<\/tbody>\n<thead>\n<tr>\n<td class=\"heading-row\" colspan=\"3\">Camera<\/td>\n<\/tr>\n<\/thead>\n<tbody>\n<tr>\n<td class=\"name\">Image Sensor<\/td>\n<td class=\"value\">1\/3\u2033 Progressive Scan CMOS<\/td>\n<\/tr>\n<tr>\n<td class=\"name\">Electronic Shutter Speed<\/td>\n<td class=\"value\">1\/3 s to 1\/100,000 s<\/td>\n<\/tr>\n<tr>\n<td class=\"name\">Minimum Illumination<\/td>\n<td class=\"value\">Color: 0.028 Lux @ (F2.0, AGC ON), 0 Lux with IR<\/td>\n<\/tr>\n<tr>\n<td class=\"name\">S\/N Ratio<\/td>\n<td class=\"value\">\u2265 52 dB<\/td>\n<\/tr>\n<tr>\n<td class=\"name\">IR Distance<\/td>\n<td class=\"value\">50 m<\/td>\n<\/tr>\n<\/tbody>\n<thead>\n<tr>\n<td class=\"heading-row\" colspan=\"3\">Lens<\/td>\n<\/tr>\n<\/thead>\n<tbody>\n<tr>\n<td class=\"name\">Lens Type<\/td>\n<td class=\"value\">4 mm, horizontal FOV 75\u00b0, vertical FOV 41\u00b0, diagonal FOV 88\u00b0<br \/>\n6 mm, horizontal FOV 49\u00b0, vertical FOV 26\u00b0, diagonal FOV 57\u00b0<\/td>\n<\/tr>\n<tr>\n<td class=\"name\">Mount Type<\/td>\n<td class=\"value\">M12<\/td>\n<\/tr>\n<tr>\n<td class=\"name\">Max Aperture<\/td>\n<td class=\"value\">4 mm F2.0; 6mm F1.6<\/td>\n<\/tr>\n<\/tbody>\n<thead>\n<tr>\n<td class=\"heading-row\" colspan=\"3\">Video<\/td>\n<\/tr>\n<\/thead>\n<tbody>\n<tr>\n<td class=\"name\">Resolution<\/td>\n<td class=\"value\">2560 \u00d7 1440<\/td>\n<\/tr>\n<tr>\n<td class=\"name\">Frame Rate<\/td>\n<td class=\"value\">50Hz: 20fps (2560 \u00d7 1440), 25fps (2304 \u00d7 1296, 1920 \u00d7 1080, 1280 \u00d7 720)<br \/>\n60Hz: 20fps (2560 \u00d7 1440), 30fps (2304 \u00d7 1296, 1920 \u00d7 1080, 1280 \u00d7 720)<\/td>\n<\/tr>\n<tr>\n<td class=\"name\">Day\/Night<\/td>\n<td class=\"value\">ICR Cut<\/td>\n<\/tr>\n<tr>\n<td class=\"name\">BLC Mode<\/td>\n<td class=\"value\">Yes<\/td>\n<\/tr>\n<\/tbody>\n<thead>\n<tr>\n<td class=\"heading-row\" colspan=\"3\">Warranty<\/td>\n<\/tr>\n<\/thead>\n<tbody>\n<tr>\n<td class=\"name\">Warranty<\/td>\n<td class=\"value\">1 year<\/td>\n<\/tr>\n<\/tbody>\n<\/table>\n<\/section>\n<section id=\"description\" class=\"description bg-white m-tb-15\">\n<div class=\"section-head\">\n<h2>Description<\/h2>\n<\/div>\n<div class=\"full-description\">\n<h2>Hikvision DS-2CD1T43G0-I 4MP Basic IR Bullet IP Camera<\/h2>\n<p>Hikvision DS-2CD1T43G0-I comes with a 1\/2.8&#8243; Progressive Scan CMOS image sensor. It provides Clear imaging against strong backlight due to 120 dB and WDR technology. It can support max. 2560 \u00c3\u2014 1440 @30fps. It has a 6 mm fixed lens. It supports H.265+, H.265, H.264+, H.264 compression technology. It features up to 50 m IR range. It is protected with water and dust resistance (IP67). 3D DNR technology delivers clean and sharp images. Up to 32 users. 3 user levels: administrator, operator, and user. Easy installation with Power over Ethernet (PoE) technology. It has a 1-year warranty.<\/p>\n<\/div>\n<\/section>\n","protected":false},"excerpt":{"rendered":"<h2>Key Features<\/h2>\n<ul>\n<li>Model: DS-2CD1T43G0-I<\/li>\n<li>Max. 2560 \u00c3\u2014 1440 @30fps<\/li>\n<li>H.265+, H.265, H.264+, H.264<\/li>\n<li>Up to 50 m IR range<\/li>\n<li>Ingress protection: IP67<\/li>\n<\/ul>\n","protected":false},"featured_media":3269,"comment_status":"open","ping_status":"closed","template":"","meta":{"site-sidebar-layout":"default","site-content-layout":"","ast-site-content-layout":"default","site-content-style":"default","site-sidebar-style":"default","ast-global-header-display":"","ast-banner-title-visibility":"","ast-main-header-display":"","ast-hfb-above-header-display":"","ast-hfb-below-header-display":"","ast-hfb-mobile-header-display":"","site-post-title":"","ast-breadcrumbs-content":"","ast-featured-img":"","footer-sml-layout":"","theme-transparent-header-meta":"default","adv-header-id-meta":"","stick-header-meta":"","header-above-stick-meta":"","header-main-stick-meta":"","header-below-stick-meta":"","astra-migrate-meta-layouts":"set"},"product_cat":[52,100,51],"product_tag":[247],"class_list":{"0":"post-3268","1":"product","2":"type-product","3":"status-publish","4":"has-post-thumbnail","6":"product_cat-cc-camera","7":"product_cat-hikvision","8":"product_cat-security","9":"product_tag-hikvision","10":"desktop-align-left","11":"tablet-align-left","12":"mobile-align-left","14":"first","15":"instock","16":"shipping-taxable","17":"product-type-simple"},"_links":{"self":[{"href":"https:\/\/ssmtech.net\/index.php?rest_route=\/wp\/v2\/product\/3268","targetHints":{"allow":["GET"]}}],"collection":[{"href":"https:\/\/ssmtech.net\/index.php?rest_route=\/wp\/v2\/product"}],"about":[{"href":"https:\/\/ssmtech.net\/index.php?rest_route=\/wp\/v2\/types\/product"}],"replies":[{"embeddable":true,"href":"https:\/\/ssmtech.net\/index.php?rest_route=%2Fwp%2Fv2%2Fcomments&post=3268"}],"version-history":[{"count":2,"href":"https:\/\/ssmtech.net\/index.php?rest_route=\/wp\/v2\/product\/3268\/revisions"}],"predecessor-version":[{"id":3341,"href":"https:\/\/ssmtech.net\/index.php?rest_route=\/wp\/v2\/product\/3268\/revisions\/3341"}],"wp:featuredmedia":[{"embeddable":true,"href":"https:\/\/ssmtech.net\/index.php?rest_route=\/wp\/v2\/media\/3269"}],"wp:attachment":[{"href":"https:\/\/ssmtech.net\/index.php?rest_route=%2Fwp%2Fv2%2Fmedia&parent=3268"}],"wp:term":[{"taxonomy":"product_cat","embeddable":true,"href":"https:\/\/ssmtech.net\/index.php?rest_route=%2Fwp%2Fv2%2Fproduct_cat&post=3268"},{"taxonomy":"product_tag","embeddable":true,"href":"https:\/\/ssmtech.net\/index.php?rest_route=%2Fwp%2Fv2%2Fproduct_tag&post=3268"}],"curies":[{"name":"wp","href":"https:\/\/api.w.org\/{rel}","templated":true}]}}